{"id":17,"date":"2026-01-11T19:41:14","date_gmt":"2026-01-11T19:41:14","guid":{"rendered":"https:\/\/pcsites.tashmed.uz\/6-medbiochem\/?page_id=17"},"modified":"2026-02-24T14:32:56","modified_gmt":"2026-02-24T09:32:56","slug":"xalqaro-faoliyati","status":"publish","type":"page","link":"https:\/\/pcsites.tashmed.uz\/6-medbiochem\/xalqaro-faoliyati\/","title":{"rendered":"Xalqaro faoliyati"},"content":{"rendered":"\n<p><strong>Xalqaro xamkorliklar va kafedrada faoliyat yuritayotgan xorijiy mutaxassislar haqida ma\u02bclumot<\/strong><\/p>\n\n\n\n<p>1. PhD assistant S.M. Xabibullayev top-1000 talikka kirgan Etvyosh Lorand (E\u00f6tv\u00f6s Lor\u00e1nd) universiteti tadqiqot markazida ma\u02bcruza o\u2018qish maqsadida Budapesht (Vengriya) va Varshava (Polsha) shaharlarida xizmat safarida bo\u2018ldi. (29.05.2025 \u2013 03.06.2025).<\/p>\n\n\n\n<figure class=\"wp-block-image size-full\"><img loading=\"lazy\" decoding=\"async\" width=\"960\" height=\"1280\" src=\"https:\/\/pcsites.tashmed.uz\/6-medbiochem\/wp-content\/uploads\/sites\/7\/2026\/02\/Xorij.jpg\" alt=\"\" class=\"wp-image-282\" style=\"aspect-ratio:0.7500139844492923\" srcset=\"https:\/\/pcsites.tashmed.uz\/6-medbiochem\/wp-content\/uploads\/sites\/7\/2026\/02\/Xorij.jpg 960w, https:\/\/pcsites.tashmed.uz\/6-medbiochem\/wp-content\/uploads\/sites\/7\/2026\/02\/Xorij-225x300.jpg 225w, https:\/\/pcsites.tashmed.uz\/6-medbiochem\/wp-content\/uploads\/sites\/7\/2026\/02\/Xorij-768x1024.jpg 768w, https:\/\/pcsites.tashmed.uz\/6-medbiochem\/wp-content\/uploads\/sites\/7\/2026\/02\/Xorij-203x270.jpg 203w\" sizes=\"auto, (max-width: 960px) 100vw, 960px\" \/><\/figure>\n\n\n\n<figure class=\"wp-block-image size-full is-resized\"><img loading=\"lazy\" decoding=\"async\" width=\"691\" height=\"429\" src=\"https:\/\/pcsites.tashmed.uz\/6-medbiochem\/wp-content\/uploads\/sites\/7\/2026\/02\/image-2.jpg\" alt=\"\" class=\"wp-image-271\" style=\"width:838px;height:auto\" srcset=\"https:\/\/pcsites.tashmed.uz\/6-medbiochem\/wp-content\/uploads\/sites\/7\/2026\/02\/image-2.jpg 691w, https:\/\/pcsites.tashmed.uz\/6-medbiochem\/wp-content\/uploads\/sites\/7\/2026\/02\/image-2-300x186.jpg 300w, https:\/\/pcsites.tashmed.uz\/6-medbiochem\/wp-content\/uploads\/sites\/7\/2026\/02\/image-2-360x224.jpg 360w\" sizes=\"auto, (max-width: 691px) 100vw, 691px\" \/><\/figure>\n\n\n\n<figure class=\"wp-block-image size-full is-resized\"><img loading=\"lazy\" decoding=\"async\" width=\"691\" height=\"681\" src=\"https:\/\/pcsites.tashmed.uz\/6-medbiochem\/wp-content\/uploads\/sites\/7\/2026\/02\/image-7.jpg\" alt=\"\" class=\"wp-image-273\" style=\"width:837px;height:auto\" srcset=\"https:\/\/pcsites.tashmed.uz\/6-medbiochem\/wp-content\/uploads\/sites\/7\/2026\/02\/image-7.jpg 691w, https:\/\/pcsites.tashmed.uz\/6-medbiochem\/wp-content\/uploads\/sites\/7\/2026\/02\/image-7-300x296.jpg 300w, https:\/\/pcsites.tashmed.uz\/6-medbiochem\/wp-content\/uploads\/sites\/7\/2026\/02\/image-7-274x270.jpg 274w\" sizes=\"auto, (max-width: 691px) 100vw, 691px\" \/><\/figure>\n\n\n\n<figure class=\"wp-block-image size-full is-resized\"><img loading=\"lazy\" decoding=\"async\" width=\"691\" height=\"518\" src=\"https:\/\/pcsites.tashmed.uz\/6-medbiochem\/wp-content\/uploads\/sites\/7\/2026\/02\/image-9.jpg\" alt=\"\" class=\"wp-image-275\" style=\"width:834px;height:auto\" srcset=\"https:\/\/pcsites.tashmed.uz\/6-medbiochem\/wp-content\/uploads\/sites\/7\/2026\/02\/image-9.jpg 691w, https:\/\/pcsites.tashmed.uz\/6-medbiochem\/wp-content\/uploads\/sites\/7\/2026\/02\/image-9-300x225.jpg 300w, https:\/\/pcsites.tashmed.uz\/6-medbiochem\/wp-content\/uploads\/sites\/7\/2026\/02\/image-9-360x270.jpg 360w\" sizes=\"auto, (max-width: 691px) 100vw, 691px\" \/><\/figure>\n\n\n\n<p>2.&nbsp;&nbsp;&nbsp;&nbsp;&nbsp;&nbsp; b.f.n. dots Akbarxodjayeva, t.f.n. dots X.N., Ikramova G.G. va t.f.n. dots Ikramova S.X. top-1000 talikka kirgan, S.D. Asfandiyorov nomidagi Qozog\u2018iston Milliy Tibbiyot Universitetiga akademik mobillik doirasida ma\u02bcruza o\u2018qish uchun Olmota (Qozog\u2018iston) shahrida xizmat safarida bo\u2018lgan (16\u201321.04.2025).<\/p>\n\n\n\n<figure class=\"wp-block-image size-full is-resized\"><img loading=\"lazy\" decoding=\"async\" width=\"691\" height=\"411\" src=\"https:\/\/pcsites.tashmed.uz\/6-medbiochem\/wp-content\/uploads\/sites\/7\/2026\/02\/image-5.jpg\" alt=\"\" class=\"wp-image-274\" style=\"width:827px;height:auto\" srcset=\"https:\/\/pcsites.tashmed.uz\/6-medbiochem\/wp-content\/uploads\/sites\/7\/2026\/02\/image-5.jpg 691w, https:\/\/pcsites.tashmed.uz\/6-medbiochem\/wp-content\/uploads\/sites\/7\/2026\/02\/image-5-300x178.jpg 300w, https:\/\/pcsites.tashmed.uz\/6-medbiochem\/wp-content\/uploads\/sites\/7\/2026\/02\/image-5-360x214.jpg 360w\" sizes=\"auto, (max-width: 691px) 100vw, 691px\" \/><\/figure>\n\n\n\n<figure class=\"wp-block-image size-full is-resized\"><img loading=\"lazy\" decoding=\"async\" width=\"691\" height=\"373\" src=\"https:\/\/pcsites.tashmed.uz\/6-medbiochem\/wp-content\/uploads\/sites\/7\/2026\/02\/image-11.jpg\" alt=\"\" class=\"wp-image-277\" style=\"width:829px;height:auto\" srcset=\"https:\/\/pcsites.tashmed.uz\/6-medbiochem\/wp-content\/uploads\/sites\/7\/2026\/02\/image-11.jpg 691w, https:\/\/pcsites.tashmed.uz\/6-medbiochem\/wp-content\/uploads\/sites\/7\/2026\/02\/image-11-300x162.jpg 300w, https:\/\/pcsites.tashmed.uz\/6-medbiochem\/wp-content\/uploads\/sites\/7\/2026\/02\/image-11-360x194.jpg 360w\" sizes=\"auto, (max-width: 691px) 100vw, 691px\" \/><\/figure>\n\n\n\n<p><strong>Xorijga ilmiy tadbir (konferensiya, kongress, forum va h.k.)larda ishtirok etish uchun borgan kafedra xodimlari\u00a0<\/strong><\/p>\n\n\n\n<p>Assistent Alakbarova N.R. Istanbul (Turkiya) shahrida bo\u2018lib o\u2018tgan V. Umujahon talabalar o\u2018rtasidagi tanlovda 1-o\u2018rinni egallagan (24.10.2025).<\/p>\n\n\n\n<figure class=\"wp-block-image size-full is-resized\"><img loading=\"lazy\" decoding=\"async\" width=\"585\" height=\"549\" src=\"https:\/\/pcsites.tashmed.uz\/6-medbiochem\/wp-content\/uploads\/sites\/7\/2026\/02\/image-4.jpg\" alt=\"\" class=\"wp-image-279\" style=\"width:847px;height:auto\" srcset=\"https:\/\/pcsites.tashmed.uz\/6-medbiochem\/wp-content\/uploads\/sites\/7\/2026\/02\/image-4.jpg 585w, https:\/\/pcsites.tashmed.uz\/6-medbiochem\/wp-content\/uploads\/sites\/7\/2026\/02\/image-4-300x282.jpg 300w, https:\/\/pcsites.tashmed.uz\/6-medbiochem\/wp-content\/uploads\/sites\/7\/2026\/02\/image-4-288x270.jpg 288w\" sizes=\"auto, (max-width: 585px) 100vw, 585px\" \/><\/figure>\n\n\n\n<p><strong>Kafedraning o\u2018quv va ilmiy jarayoniga jalb etilgan xorijiy mutaxassislar<\/strong><\/p>\n\n\n\n<p>Janubiy Koreyaning Korea University Tibbiyot Kollejidan xorijiy mutaxassislar Im Joo Rhyu (Im Joo Rhyu) va Yong Taek Jeong (Yong Taek Jeong) universitetning bakalavr, magistrant, doktorantlari hamda kafedra professor-o\u2018qituvchilari uchun 2026 yil 9-13 fevral kunlari ma&#8217;ruzalar va mahorat darslari o\u2018tkazdilar.<\/p>\n\n\n\n<figure class=\"wp-block-image size-full is-resized\"><img loading=\"lazy\" decoding=\"async\" width=\"780\" height=\"471\" src=\"https:\/\/pcsites.tashmed.uz\/6-medbiochem\/wp-content\/uploads\/sites\/7\/2026\/02\/image-10.jpg\" alt=\"\" class=\"wp-image-278\" style=\"width:847px;height:auto\" srcset=\"https:\/\/pcsites.tashmed.uz\/6-medbiochem\/wp-content\/uploads\/sites\/7\/2026\/02\/image-10.jpg 780w, https:\/\/pcsites.tashmed.uz\/6-medbiochem\/wp-content\/uploads\/sites\/7\/2026\/02\/image-10-300x181.jpg 300w, https:\/\/pcsites.tashmed.uz\/6-medbiochem\/wp-content\/uploads\/sites\/7\/2026\/02\/image-10-768x464.jpg 768w, https:\/\/pcsites.tashmed.uz\/6-medbiochem\/wp-content\/uploads\/sites\/7\/2026\/02\/image-10-360x217.jpg 360w\" sizes=\"auto, (max-width: 780px) 100vw, 780px\" \/><\/figure>\n\n\n\n<figure class=\"wp-block-image size-full is-resized\"><img loading=\"lazy\" decoding=\"async\" width=\"780\" height=\"447\" src=\"https:\/\/pcsites.tashmed.uz\/6-medbiochem\/wp-content\/uploads\/sites\/7\/2026\/02\/image-3.jpg\" alt=\"\" class=\"wp-image-272\" style=\"width:847px;height:auto\" srcset=\"https:\/\/pcsites.tashmed.uz\/6-medbiochem\/wp-content\/uploads\/sites\/7\/2026\/02\/image-3.jpg 780w, https:\/\/pcsites.tashmed.uz\/6-medbiochem\/wp-content\/uploads\/sites\/7\/2026\/02\/image-3-300x172.jpg 300w, https:\/\/pcsites.tashmed.uz\/6-medbiochem\/wp-content\/uploads\/sites\/7\/2026\/02\/image-3-768x440.jpg 768w, https:\/\/pcsites.tashmed.uz\/6-medbiochem\/wp-content\/uploads\/sites\/7\/2026\/02\/image-3-360x206.jpg 360w\" sizes=\"auto, (max-width: 780px) 100vw, 780px\" \/><\/figure>\n\n\n\n<figure class=\"wp-block-image size-full is-resized\"><img loading=\"lazy\" decoding=\"async\" width=\"780\" height=\"585\" src=\"https:\/\/pcsites.tashmed.uz\/6-medbiochem\/wp-content\/uploads\/sites\/7\/2026\/02\/image-8.jpg\" alt=\"\" class=\"wp-image-276\" style=\"width:847px;height:auto\" srcset=\"https:\/\/pcsites.tashmed.uz\/6-medbiochem\/wp-content\/uploads\/sites\/7\/2026\/02\/image-8.jpg 780w, https:\/\/pcsites.tashmed.uz\/6-medbiochem\/wp-content\/uploads\/sites\/7\/2026\/02\/image-8-300x225.jpg 300w, https:\/\/pcsites.tashmed.uz\/6-medbiochem\/wp-content\/uploads\/sites\/7\/2026\/02\/image-8-768x576.jpg 768w, https:\/\/pcsites.tashmed.uz\/6-medbiochem\/wp-content\/uploads\/sites\/7\/2026\/02\/image-8-360x270.jpg 360w\" sizes=\"auto, (max-width: 780px) 100vw, 780px\" \/><\/figure>\n\n\n\n<figure class=\"wp-block-image size-full is-resized\"><img loading=\"lazy\" decoding=\"async\" width=\"780\" height=\"520\" src=\"https:\/\/pcsites.tashmed.uz\/6-medbiochem\/wp-content\/uploads\/sites\/7\/2026\/02\/image-6.jpg\" alt=\"\" class=\"wp-image-280\" style=\"width:847px;height:auto\" srcset=\"https:\/\/pcsites.tashmed.uz\/6-medbiochem\/wp-content\/uploads\/sites\/7\/2026\/02\/image-6.jpg 780w, https:\/\/pcsites.tashmed.uz\/6-medbiochem\/wp-content\/uploads\/sites\/7\/2026\/02\/image-6-300x200.jpg 300w, https:\/\/pcsites.tashmed.uz\/6-medbiochem\/wp-content\/uploads\/sites\/7\/2026\/02\/image-6-768x512.jpg 768w, https:\/\/pcsites.tashmed.uz\/6-medbiochem\/wp-content\/uploads\/sites\/7\/2026\/02\/image-6-360x240.jpg 360w\" sizes=\"auto, (max-width: 780px) 100vw, 780px\" \/><\/figure>\n\n\n\n<figure class=\"wp-block-image\"><img decoding=\"async\" src=\"https:\/\/tashpmi.uz\/wp-content\/uploads\/2023\/12\/ss-5-1024x768.jpg\" alt=\"\" class=\"wp-image-40307\" \/><\/figure>\n\n\n\n<figure class=\"wp-block-image\"><img decoding=\"async\" src=\"https:\/\/tashpmi.uz\/wp-content\/uploads\/2023\/12\/sanzhar-aka-2-1024x604.jpg\" alt=\"\" class=\"wp-image-40308\" \/><\/figure>\n\n\n\n<ul class=\"wp-block-list\">\n<li><a href=\"https:\/\/twitter.com\/intent\/tweet?text=Xalqaro%20faoliyati%20-%20Tashpmi.uz&amp;url=https%3A%2F%2Ftashpmi.uz%2Fuz%2Ftalim%2Fbakalavriyat%2Fi-pediatric-faculty%2Fkafedralar%2Ftibbiy-va-biologik-kimyo-tibbiy-biologiya-umumiy-genetika%2Fkafedraning-xalqaro-xamkorlik-faoliyati%2F&amp;utm_source=share2\" target=\"_blank\" rel=\"noreferrer noopener\"><\/a><\/li>\n<\/ul>\n\n\n\n<p><\/p>\n","protected":false},"excerpt":{"rendered":"<p>Xalqaro xamkorliklar va kafedrada faoliyat yuritayotgan xorijiy mutaxassislar haqida ma\u02bclumot 1. PhD assistant S.M. Xabibullayev top-1000 talikka kirgan Etvyosh Lorand (E\u00f6tv\u00f6s Lor\u00e1nd) universiteti tadqiqot markazida ma\u02bcruza o\u2018qish maqsadida Budapesht (Vengriya) va Varshava (Polsha) shaharlarida xizmat safarida bo\u2018ldi. (29.05.2025 \u2013 03.06.2025). <a href=\"https:\/\/pcsites.tashmed.uz\/6-medbiochem\/xalqaro-faoliyati\/\" class=\"read-more\">Read More &#8230;<\/a><\/p>\n","protected":false},"author":1,"featured_media":0,"parent":0,"menu_order":0,"comment_status":"closed","ping_status":"closed","template":"","meta":{"footnotes":""},"class_list":["post-17","page","type-page","status-publish","hentry"],"_links":{"self":[{"href":"https:\/\/pcsites.tashmed.uz\/6-medbiochem\/wp-json\/wp\/v2\/pages\/17","targetHints":{"allow":["GET"]}}],"collection":[{"href":"https:\/\/pcsites.tashmed.uz\/6-medbiochem\/wp-json\/wp\/v2\/pages"}],"about":[{"href":"https:\/\/pcsites.tashmed.uz\/6-medbiochem\/wp-json\/wp\/v2\/types\/page"}],"author":[{"embeddable":true,"href":"https:\/\/pcsites.tashmed.uz\/6-medbiochem\/wp-json\/wp\/v2\/users\/1"}],"replies":[{"embeddable":true,"href":"https:\/\/pcsites.tashmed.uz\/6-medbiochem\/wp-json\/wp\/v2\/comments?post=17"}],"version-history":[{"count":4,"href":"https:\/\/pcsites.tashmed.uz\/6-medbiochem\/wp-json\/wp\/v2\/pages\/17\/revisions"}],"predecessor-version":[{"id":286,"href":"https:\/\/pcsites.tashmed.uz\/6-medbiochem\/wp-json\/wp\/v2\/pages\/17\/revisions\/286"}],"wp:attachment":[{"href":"https:\/\/pcsites.tashmed.uz\/6-medbiochem\/wp-json\/wp\/v2\/media?parent=17"}],"curies":[{"name":"wp","href":"https:\/\/api.w.org\/{rel}","templated":true}]}}