{"id":10,"date":"2026-01-12T12:27:31","date_gmt":"2026-01-12T12:27:31","guid":{"rendered":"https:\/\/pcsites.tashmed.uz\/18-hospital-pediatrics\/?page_id=10"},"modified":"2026-01-15T11:12:43","modified_gmt":"2026-01-15T11:12:43","slug":"kafedra-tarixi","status":"publish","type":"page","link":"https:\/\/pcsites.tashmed.uz\/18-hospital-pediatrics\/kafedra-tarixi\/","title":{"rendered":"Kafedra tarixi"},"content":{"rendered":"\n<p>&nbsp; Kafedra sentyabr 1982 yilda tashkil etilgan va 1996 yilgacha&nbsp;<strong>bolalik kasalliklarini \u21163<\/strong>&nbsp;deb atalgan.1996-2000, \u2013 \u00abumumiy amaliyot (GP). 2000-2008 yil \u2013 \u00abGospital pediatriya \u21162\u00bb.2008 yildan taqdim \u2013 \u00abGospital pediatriya \u21162 tabobati bilan.&nbsp;&nbsp;&nbsp; Kafedraning birinchi mudiri, dotsent Kim Aleksey doktorlik tasdiqlandi. kadrlar ko\u2019ra, 1982\/1983 o\u2019quv yili,Kafedraning birinchi xodimlari boshladi quyidagicha:1. Kim AA \u2013 bo\u2019lim boshlig\u2019i, fanlari nomzodi, dotsent.2. SS Kendzhebaev \u2013 MD, PhD.3. JM Musaev \u2013 MD, PhD.4. SB Qosimov \u2013 MD, PhD, assistent5. Fierce ZA \u2013 MD, PhD, assistent6. Atadjanova FN \u2013 MD, PhD, yordamchisi7. Karimova MN \u2013 MD, PhD, yordamchisi8. Altybaeva SS \u2013 MD, PhD, assistent9. Aliyev MM \u2013 OF MD, PhD, yordamchisi10. Ignatov \u2013 Yordamchisi11. Skirnevskaya AI \u2013 Yordamchisi12. Kaljuzhnaja SI \u2013 Yordamchisi13. Valiyev FT \u2013 Yordamchisi14. Bondarenko SO \u2013 Yordamchisi LD15. Aliyev \u2013 Yordamchisi16. Septims DE \u2013 Yordamchisi17. Ismailov MA \u2013 Yordamchisi18. Popov NV \u2013 Klinik stajyor19. Lee LL \u2013 Klinik stajyor20. Nagai LL \u2013 Klinik stajyor21. Qodirov Sh.Sh. \u2013 Klinik stajyor22. Mamuntseva EA \u2013 Klinik stajyor23. Chernikov AA \u2013 Katta laboratoriya24. Nishanbaev RT \u2013 Shahar General kasalxonasida joylashgan katta laborant.Kafedra (160 ko\u2019rpa) array Yunus \u2013 Abad, 10 bola birlashgan shifoxonasi (110 ko\u2019rpa) Chilonzor, bolalar poliklinika \u21165 Kirovsky tuman va Toshkent shahar 10-bolalar klinik Chilonzor tumani.<br>&nbsp;&nbsp;&nbsp;&nbsp; 1986 dan 1992 uchun davrida kafedra 1936, rus, pediatr tug\u2019ilgan Tibbiyot fanlari doktori, professor Ivanova Nadejda V., boshchilik qildi. Ivanova Nadine 1960 yilda Toshkent Davlat Tibbiyot institutini tamomlagan. 1960-1966 yilda u tibbiy maktabda o\u2019rgatdi. 1966-1972 yillar shifokor stajyor 15 shahar shifoxonasida.1986 Fan instituti prorektori o\u2019rnini birlashtirgan \u00bb\u00ab Bolalik kasalliklar \u21163 kafedrasi boshchiligida beri 1972 dan 1986 uchun, klinik ordinator, assistent, dotsent, turli bolalar bo\u2019limlari ToshPTI g\u2019oyib bo\u2019ldi. 1989 yilda u mavzusida doktorlik dissertatsiyasini himoya: \u00abmarkaziy va periferik gemodinamika buzish bemorlarning bolalikdan eng keng tarqalgan kasalliklar bilan yurak tahmin \u2013 tomir kasalligi.\u00bb&nbsp;&nbsp;&nbsp;&nbsp; 1992 yildan boshlab kafedra 1952 yilda tug\u2019ilgan tibbiyot fanlari doktori, professor Rahimov Saidolim Anvarovich, bir o\u2019zbek, pediatr-shifokor, revmatolog doktori rahbarlik qilmoqda. Rahimov Saidolim Anvarovich, 1975 yilda Markaziy Osiyo pediatriya tibbiyot instituti tamomlagan. 1975-1977 yilda u fakulteti pediatriya instituti kafedrasida klinik amaliyot o\u2019tdi. 1977-1979 yilda u Sovet Armiyasida xizmat qildi. davrida 1979 dan 1982, u bo\u2019limi aspirantura tahsil olgan. 1995 yildan beri 1990 dan 1995 uchun yordamchisi, dotsent, \u2013 \u2013 professor 1982 dan 1990 uchun. 1994 yilda u mavzusida doktorlik dissertatsiyasini himoya qilgan \u00abqarindoshlar o\u2019rtasidagi nikohning ta\u2019siri ostida ayrim Mendel va nemendeliruyuschey marker kesish tizimlari bilan nasabnomasi birlashmalari va balog\u2019atga etmagan bolalar surunkali artrit natijalari klinik talqin.\u00bb Bir vaqtning o\u2019zida 1993-1997 yilda bo\u2019limi rahbariyati bilan u saralash komissiyasi ijrochi kotibi edi. 1993-1994 yil \u2013 Respublikasi Sog\u2019liqni saqlash vazirligi bosh pediatr. 1996-1998, fakulteti dekani, Respublika perinatal markazi 2001-2002 direktori, 1997-2005 yillar \u2013 Hozir pediatriya uchun ixtisoslashgan kengash ilmiy kotibi 1996 yilda jurnali \u00abPediatriya\u00bb tahrir kengashi a\u2019zosi. 2010 yilda professor Rahimov SA edit\u00f6rl\u00fc\u011f\u00fc ostida rasmiy tili (lotin, kirill) da darslik \u00abPediatriya Hospital\u00bb chop etildi.Professor Rahimov SA rahnamoligida 10 nomzod va 4 ta doktorlik dissertatsiyalarini himoyalangan. U yangiliklar, ixtirolar muallifi va 120 dan ortiq ilmiy maqolalar biridir.&nbsp;<\/p>\n\n\n\n<ul class=\"wp-block-list\">\n<li><\/li>\n<\/ul>\n","protected":false},"excerpt":{"rendered":"<p>&nbsp; Kafedra sentyabr 1982 yilda tashkil etilgan va 1996 yilgacha&nbsp;bolalik kasalliklarini \u21163&nbsp;deb atalgan.1996-2000, \u2013 \u00abumumiy amaliyot (GP). 2000-2008 yil \u2013 \u00abGospital pediatriya \u21162\u00bb.2008 yildan taqdim \u2013 \u00abGospital pediatriya \u21162 tabobati bilan.&nbsp;&nbsp;&nbsp; Kafedraning birinchi mudiri, dotsent Kim Aleksey doktorlik tasdiqlandi. kadrlar <a href=\"https:\/\/pcsites.tashmed.uz\/18-hospital-pediatrics\/kafedra-tarixi\/\" class=\"read-more\">Read More &#8230;<\/a><\/p>\n","protected":false},"author":1,"featured_media":0,"parent":0,"menu_order":0,"comment_status":"closed","ping_status":"closed","template":"","meta":{"footnotes":""},"class_list":["post-10","page","type-page","status-publish","hentry"],"_links":{"self":[{"href":"https:\/\/pcsites.tashmed.uz\/18-hospital-pediatrics\/wp-json\/wp\/v2\/pages\/10","targetHints":{"allow":["GET"]}}],"collection":[{"href":"https:\/\/pcsites.tashmed.uz\/18-hospital-pediatrics\/wp-json\/wp\/v2\/pages"}],"about":[{"href":"https:\/\/pcsites.tashmed.uz\/18-hospital-pediatrics\/wp-json\/wp\/v2\/types\/page"}],"author":[{"embeddable":true,"href":"https:\/\/pcsites.tashmed.uz\/18-hospital-pediatrics\/wp-json\/wp\/v2\/users\/1"}],"replies":[{"embeddable":true,"href":"https:\/\/pcsites.tashmed.uz\/18-hospital-pediatrics\/wp-json\/wp\/v2\/comments?post=10"}],"version-history":[{"count":2,"href":"https:\/\/pcsites.tashmed.uz\/18-hospital-pediatrics\/wp-json\/wp\/v2\/pages\/10\/revisions"}],"predecessor-version":[{"id":36,"href":"https:\/\/pcsites.tashmed.uz\/18-hospital-pediatrics\/wp-json\/wp\/v2\/pages\/10\/revisions\/36"}],"wp:attachment":[{"href":"https:\/\/pcsites.tashmed.uz\/18-hospital-pediatrics\/wp-json\/wp\/v2\/media?parent=10"}],"curies":[{"name":"wp","href":"https:\/\/api.w.org\/{rel}","templated":true}]}}